{"id":937,"date":"2021-03-19T10:40:58","date_gmt":"2021-03-19T14:40:58","guid":{"rendered":"http:\/\/newsite.hscdsb.on.ca\/stmaryscollege\/?page_id=937"},"modified":"2021-03-21T15:40:50","modified_gmt":"2021-03-21T19:40:50","slug":"a-knights-prayer","status":"publish","type":"page","link":"https:\/\/www.hscdsb.on.ca\/stmaryscollege\/about\/a-knights-prayer\/","title":{"rendered":"A Knight&#8217;s Prayer"},"content":{"rendered":"\t\t<div data-elementor-type=\"wp-page\" data-elementor-id=\"937\" class=\"elementor elementor-937\" data-elementor-post-type=\"page\">\n\t\t\t\t\t\t<section class=\"elementor-section elementor-top-section elementor-element elementor-element-d5e1574 elementor-section-boxed elementor-section-height-default elementor-section-height-default\" data-id=\"d5e1574\" data-element_type=\"section\" data-e-type=\"section\">\n\t\t\t\t\t\t<div class=\"elementor-container elementor-column-gap-default\">\n\t\t\t\t\t<div class=\"elementor-column elementor-col-100 elementor-top-column elementor-element elementor-element-0d5eb67\" data-id=\"0d5eb67\" data-element_type=\"column\" data-e-type=\"column\">\n\t\t\t<div class=\"elementor-widget-wrap elementor-element-populated\">\n\t\t\t\t\t\t<div class=\"elementor-element elementor-element-5b019fd elementor-widget elementor-widget-heading\" data-id=\"5b019fd\" data-element_type=\"widget\" data-e-type=\"widget\" data-widget_type=\"heading.default\">\n\t\t\t\t<div class=\"elementor-widget-container\">\n\t\t\t\t\t<h2 class=\"elementor-heading-title elementor-size-default\">FAITHFUL GOD,<\/h2>\t\t\t\t<\/div>\n\t\t\t\t<\/div>\n\t\t\t\t<div class=\"elementor-element elementor-element-2c5ce9e elementor-widget elementor-widget-text-editor\" data-id=\"2c5ce9e\" data-element_type=\"widget\" data-e-type=\"widget\" data-widget_type=\"text-editor.default\">\n\t\t\t\t<div class=\"elementor-widget-container\">\n\t\t\t\t\t\t\t\t\t<p>We walk forward together as a Catholic learning community.<br \/>You invite us to come to know You more deeply,<br \/>Guide us to have unity and reconciliation in our relationships with our families, among<br \/>our friends and with all others.<br \/>May we care for the earth and be the good stewards you intended from the beginning.<br \/>Inspire our faith as we walk together in understanding and hope.<br \/>This is what You desire: that we do justice, love kindness and walk humbly with You.<br \/>Amen\u2020<\/p><h2>DIEU FID\u00c8LE,<\/h2><p>Nous marchons ensemble comme une communaut\u00e9 catholique,<br \/>Tu nous invites \u00e0 te conna\u00eetre plus profond\u00e9ment,<br \/>Guide-nous pour avoir l\u2019unit\u00e9 et l\u2019harmonisation dans nos rapports aven nos familles,<br \/>parmi nos amis et avec tous les autres.<br \/>Que nous prenions soin de la terre et soyons de bons gardiens comme il fallait du d\u00e9but.<br \/>Inspire notre foi aussi que nous marchions ensemble dans la croyance et l\u2019espoir.<br \/>C\u2019est ce que tu d\u00e9sires: que nous accomplissions la justice, aimions la bont\u00e9 et<br \/>marchions humblement avec vous.<br \/>Amen\u2020<\/p><h2>GIZHE-MANIDOO,<\/h2><p>Gi-niigaani-wiijsemdimi onji Catholic kinoomaage-oodenaawin.<br \/>Gi-wiidmimi wii-gikenmigoyin ooshme.<br \/>Gikinoowaabandwishinaan wii-maamawiizoyaang miinwaa boognigidetoongididwaa kina<br \/>ingodoodewizinaan, gwiijkiweninaanig miinwaa akina awiya,<br \/>Begish naa aki weweni naagdawendimang miinwaa weweni wii-aawyaang gaa-zhi-<br \/>indenmiyaang e ko maajseg.<br \/>Ombinmowshinaang ndebwe\u2019endmowninaan e-ni-piichi-wiijsemdiyaang nsastamowining<br \/>miinwaa bagosendamowining.<br \/>Mii maanda e-zhi-andawendiman: Gweyeg wii-dibaakonigeyaang, zaagtowaang<br \/>nookaadziwin miinwaa wii-mno-wiijsemigoyin.<br \/>Amen\u2020<\/p>\t\t\t\t\t\t\t\t<\/div>\n\t\t\t\t<\/div>\n\t\t\t\t\t<\/div>\n\t\t<\/div>\n\t\t\t\t\t<\/div>\n\t\t<\/section>\n\t\t\t\t<\/div>\n\t\t","protected":false},"excerpt":{"rendered":"<p>FAITHFUL GOD, We walk forward together as a Catholic learning community.You invite us to come to know You more deeply,Guide us to have unity and reconciliation in our relationships with our families, amongour friends and with all others.May we care for the earth and be the good stewards you intended from the beginning.Inspire our faith [&hellip;]<\/p>\n","protected":false},"author":1,"featured_media":0,"parent":158,"menu_order":22,"comment_status":"closed","ping_status":"closed","template":"","meta":{"footnotes":""},"class_list":["post-937","page","type-page","status-publish","hentry"],"yoast_head":"<!-- This site is optimized with the Yoast SEO plugin v27.2 - https:\/\/yoast.com\/product\/yoast-seo-wordpress\/ -->\n<title>A Knight&#039;s Prayer - St. Mary&#039;s College<\/title>\n<meta name=\"description\" content=\"FAITHFUL GOD, We walk forward together as a Catholic learning community.You invite us to come to know You more deeply,Guide us to have unity and\" \/>\n<meta name=\"robots\" content=\"index, follow, max-snippet:-1, max-image-preview:large, max-video-preview:-1\" \/>\n<link rel=\"canonical\" href=\"https:\/\/www.hscdsb.on.ca\/stmaryscollege\/about\/a-knights-prayer\/\" \/>\n<meta property=\"og:locale\" content=\"en_US\" \/>\n<meta property=\"og:type\" content=\"article\" \/>\n<meta property=\"og:title\" content=\"A Knight&#039;s Prayer - St. Mary&#039;s College\" \/>\n<meta property=\"og:description\" content=\"FAITHFUL GOD, We walk forward together as a Catholic learning community.You invite us to come to know You more deeply,Guide us to have unity and\" \/>\n<meta property=\"og:url\" content=\"https:\/\/www.hscdsb.on.ca\/stmaryscollege\/about\/a-knights-prayer\/\" \/>\n<meta property=\"og:site_name\" content=\"St. Mary&#039;s College\" \/>\n<meta property=\"article:modified_time\" content=\"2021-03-21T19:40:50+00:00\" \/>\n<meta property=\"og:image\" content=\"https:\/\/www.hscdsb.on.ca\/stmaryscollege\/wp-content\/uploads\/sites\/22\/2021\/03\/about-scaled.jpg\" \/>\n\t<meta property=\"og:image:width\" content=\"2560\" \/>\n\t<meta property=\"og:image:height\" content=\"997\" \/>\n\t<meta property=\"og:image:type\" content=\"image\/jpeg\" \/>\n<meta name=\"twitter:card\" content=\"summary_large_image\" \/>\n<meta name=\"twitter:label1\" content=\"Est. reading time\" \/>\n\t<meta name=\"twitter:data1\" content=\"1 minute\" \/>\n<script type=\"application\/ld+json\" class=\"yoast-schema-graph\">{\"@context\":\"https:\/\/schema.org\",\"@graph\":[{\"@type\":\"WebPage\",\"@id\":\"https:\/\/www.hscdsb.on.ca\/stmaryscollege\/about\/a-knights-prayer\/\",\"url\":\"https:\/\/www.hscdsb.on.ca\/stmaryscollege\/about\/a-knights-prayer\/\",\"name\":\"A Knight's Prayer - St. Mary&#039;s College\",\"isPartOf\":{\"@id\":\"https:\/\/www.hscdsb.on.ca\/stmaryscollege\/#website\"},\"datePublished\":\"2021-03-19T14:40:58+00:00\",\"dateModified\":\"2021-03-21T19:40:50+00:00\",\"description\":\"FAITHFUL GOD, We walk forward together as a Catholic learning community.You invite us to come to know You more deeply,Guide us to have unity and\",\"breadcrumb\":{\"@id\":\"https:\/\/www.hscdsb.on.ca\/stmaryscollege\/about\/a-knights-prayer\/#breadcrumb\"},\"inLanguage\":\"en-CA\",\"potentialAction\":[{\"@type\":\"ReadAction\",\"target\":[\"https:\/\/www.hscdsb.on.ca\/stmaryscollege\/about\/a-knights-prayer\/\"]}]},{\"@type\":\"BreadcrumbList\",\"@id\":\"https:\/\/www.hscdsb.on.ca\/stmaryscollege\/about\/a-knights-prayer\/#breadcrumb\",\"itemListElement\":[{\"@type\":\"ListItem\",\"position\":1,\"name\":\"Home\",\"item\":\"https:\/\/www.hscdsb.on.ca\/stmaryscollege\/\"},{\"@type\":\"ListItem\",\"position\":2,\"name\":\"About\",\"item\":\"https:\/\/www.hscdsb.on.ca\/stmaryscollege\/about\/\"},{\"@type\":\"ListItem\",\"position\":3,\"name\":\"A Knight&#8217;s Prayer\"}]},{\"@type\":\"WebSite\",\"@id\":\"https:\/\/www.hscdsb.on.ca\/stmaryscollege\/#website\",\"url\":\"https:\/\/www.hscdsb.on.ca\/stmaryscollege\/\",\"name\":\"St. Mary&#039;s College\",\"description\":\"Huron-Superior Catholic District School Board Sites site\",\"publisher\":{\"@id\":\"https:\/\/www.hscdsb.on.ca\/stmaryscollege\/#organization\"},\"potentialAction\":[{\"@type\":\"SearchAction\",\"target\":{\"@type\":\"EntryPoint\",\"urlTemplate\":\"https:\/\/www.hscdsb.on.ca\/stmaryscollege\/?s={search_term_string}\"},\"query-input\":{\"@type\":\"PropertyValueSpecification\",\"valueRequired\":true,\"valueName\":\"search_term_string\"}}],\"inLanguage\":\"en-CA\"},{\"@type\":\"Organization\",\"@id\":\"https:\/\/www.hscdsb.on.ca\/stmaryscollege\/#organization\",\"name\":\"St. Mary's College\",\"url\":\"https:\/\/www.hscdsb.on.ca\/stmaryscollege\/\",\"logo\":{\"@type\":\"ImageObject\",\"inLanguage\":\"en-CA\",\"@id\":\"https:\/\/www.hscdsb.on.ca\/stmaryscollege\/#\/schema\/logo\/image\/\",\"url\":\"https:\/\/www.hscdsb.on.ca\/stmaryscollege\/wp-content\/uploads\/sites\/22\/2021\/03\/cropped-stmaryscollege-logo-1.png\",\"contentUrl\":\"https:\/\/www.hscdsb.on.ca\/stmaryscollege\/wp-content\/uploads\/sites\/22\/2021\/03\/cropped-stmaryscollege-logo-1.png\",\"width\":512,\"height\":512,\"caption\":\"St. Mary's College\"},\"image\":{\"@id\":\"https:\/\/www.hscdsb.on.ca\/stmaryscollege\/#\/schema\/logo\/image\/\"}}]}<\/script>\n<!-- \/ Yoast SEO plugin. -->","yoast_head_json":{"title":"A Knight's Prayer - St. Mary&#039;s College","description":"FAITHFUL GOD, We walk forward together as a Catholic learning community.You invite us to come to know You more deeply,Guide us to have unity and","robots":{"index":"index","follow":"follow","max-snippet":"max-snippet:-1","max-image-preview":"max-image-preview:large","max-video-preview":"max-video-preview:-1"},"canonical":"https:\/\/www.hscdsb.on.ca\/stmaryscollege\/about\/a-knights-prayer\/","og_locale":"en_US","og_type":"article","og_title":"A Knight's Prayer - St. Mary&#039;s College","og_description":"FAITHFUL GOD, We walk forward together as a Catholic learning community.You invite us to come to know You more deeply,Guide us to have unity and","og_url":"https:\/\/www.hscdsb.on.ca\/stmaryscollege\/about\/a-knights-prayer\/","og_site_name":"St. Mary&#039;s College","article_modified_time":"2021-03-21T19:40:50+00:00","og_image":[{"width":2560,"height":997,"url":"https:\/\/www.hscdsb.on.ca\/stmaryscollege\/wp-content\/uploads\/sites\/22\/2021\/03\/about-scaled.jpg","type":"image\/jpeg"}],"twitter_card":"summary_large_image","twitter_misc":{"Est. reading time":"1 minute"},"schema":{"@context":"https:\/\/schema.org","@graph":[{"@type":"WebPage","@id":"https:\/\/www.hscdsb.on.ca\/stmaryscollege\/about\/a-knights-prayer\/","url":"https:\/\/www.hscdsb.on.ca\/stmaryscollege\/about\/a-knights-prayer\/","name":"A Knight's Prayer - St. Mary&#039;s College","isPartOf":{"@id":"https:\/\/www.hscdsb.on.ca\/stmaryscollege\/#website"},"datePublished":"2021-03-19T14:40:58+00:00","dateModified":"2021-03-21T19:40:50+00:00","description":"FAITHFUL GOD, We walk forward together as a Catholic learning community.You invite us to come to know You more deeply,Guide us to have unity and","breadcrumb":{"@id":"https:\/\/www.hscdsb.on.ca\/stmaryscollege\/about\/a-knights-prayer\/#breadcrumb"},"inLanguage":"en-CA","potentialAction":[{"@type":"ReadAction","target":["https:\/\/www.hscdsb.on.ca\/stmaryscollege\/about\/a-knights-prayer\/"]}]},{"@type":"BreadcrumbList","@id":"https:\/\/www.hscdsb.on.ca\/stmaryscollege\/about\/a-knights-prayer\/#breadcrumb","itemListElement":[{"@type":"ListItem","position":1,"name":"Home","item":"https:\/\/www.hscdsb.on.ca\/stmaryscollege\/"},{"@type":"ListItem","position":2,"name":"About","item":"https:\/\/www.hscdsb.on.ca\/stmaryscollege\/about\/"},{"@type":"ListItem","position":3,"name":"A Knight&#8217;s Prayer"}]},{"@type":"WebSite","@id":"https:\/\/www.hscdsb.on.ca\/stmaryscollege\/#website","url":"https:\/\/www.hscdsb.on.ca\/stmaryscollege\/","name":"St. Mary&#039;s College","description":"Huron-Superior Catholic District School Board Sites site","publisher":{"@id":"https:\/\/www.hscdsb.on.ca\/stmaryscollege\/#organization"},"potentialAction":[{"@type":"SearchAction","target":{"@type":"EntryPoint","urlTemplate":"https:\/\/www.hscdsb.on.ca\/stmaryscollege\/?s={search_term_string}"},"query-input":{"@type":"PropertyValueSpecification","valueRequired":true,"valueName":"search_term_string"}}],"inLanguage":"en-CA"},{"@type":"Organization","@id":"https:\/\/www.hscdsb.on.ca\/stmaryscollege\/#organization","name":"St. Mary's College","url":"https:\/\/www.hscdsb.on.ca\/stmaryscollege\/","logo":{"@type":"ImageObject","inLanguage":"en-CA","@id":"https:\/\/www.hscdsb.on.ca\/stmaryscollege\/#\/schema\/logo\/image\/","url":"https:\/\/www.hscdsb.on.ca\/stmaryscollege\/wp-content\/uploads\/sites\/22\/2021\/03\/cropped-stmaryscollege-logo-1.png","contentUrl":"https:\/\/www.hscdsb.on.ca\/stmaryscollege\/wp-content\/uploads\/sites\/22\/2021\/03\/cropped-stmaryscollege-logo-1.png","width":512,"height":512,"caption":"St. Mary's College"},"image":{"@id":"https:\/\/www.hscdsb.on.ca\/stmaryscollege\/#\/schema\/logo\/image\/"}}]}},"_links":{"self":[{"href":"https:\/\/www.hscdsb.on.ca\/stmaryscollege\/wp-json\/wp\/v2\/pages\/937","targetHints":{"allow":["GET"]}}],"collection":[{"href":"https:\/\/www.hscdsb.on.ca\/stmaryscollege\/wp-json\/wp\/v2\/pages"}],"about":[{"href":"https:\/\/www.hscdsb.on.ca\/stmaryscollege\/wp-json\/wp\/v2\/types\/page"}],"author":[{"embeddable":true,"href":"https:\/\/www.hscdsb.on.ca\/stmaryscollege\/wp-json\/wp\/v2\/users\/1"}],"replies":[{"embeddable":true,"href":"https:\/\/www.hscdsb.on.ca\/stmaryscollege\/wp-json\/wp\/v2\/comments?post=937"}],"version-history":[{"count":8,"href":"https:\/\/www.hscdsb.on.ca\/stmaryscollege\/wp-json\/wp\/v2\/pages\/937\/revisions"}],"predecessor-version":[{"id":1319,"href":"https:\/\/www.hscdsb.on.ca\/stmaryscollege\/wp-json\/wp\/v2\/pages\/937\/revisions\/1319"}],"up":[{"embeddable":true,"href":"https:\/\/www.hscdsb.on.ca\/stmaryscollege\/wp-json\/wp\/v2\/pages\/158"}],"wp:attachment":[{"href":"https:\/\/www.hscdsb.on.ca\/stmaryscollege\/wp-json\/wp\/v2\/media?parent=937"}],"curies":[{"name":"wp","href":"https:\/\/api.w.org\/{rel}","templated":true}]}}